{"id":104,"date":"2021-06-09T16:58:27","date_gmt":"2021-06-09T16:58:27","guid":{"rendered":"http:\/\/moutier-d-ahun.fr\/?page_id=104"},"modified":"2024-04-24T05:02:51","modified_gmt":"2024-04-24T05:02:51","slug":"contact","status":"publish","type":"page","link":"http:\/\/moutier-d-ahun.fr\/?page_id=104","title":{"rendered":"Contact"},"content":{"rendered":"\t\t<div data-elementor-type=\"wp-page\" data-elementor-id=\"104\" class=\"elementor elementor-104\">\n\t\t\t\t\t\t<section class=\"elementor-section elementor-top-section elementor-element elementor-element-49bdf04 elementor-section-height-min-height elementor-section-boxed elementor-section-height-default elementor-section-items-middle\" data-id=\"49bdf04\" data-element_type=\"section\" data-e-type=\"section\" data-settings=\"{&quot;background_background&quot;:&quot;classic&quot;,&quot;shape_divider_bottom&quot;:&quot;opacity-tilt&quot;}\">\n\t\t\t\t\t\t\t<div class=\"elementor-background-overlay\"><\/div>\n\t\t\t\t\t\t<div class=\"elementor-shape elementor-shape-bottom\" aria-hidden=\"true\" data-negative=\"false\">\n\t\t\t<svg xmlns=\"http:\/\/www.w3.org\/2000\/svg\" viewBox=\"0 0 2600 131.1\" preserveAspectRatio=\"none\">\n\t<path class=\"elementor-shape-fill\" d=\"M0 0L2600 0 2600 69.1 0 0z\"\/>\n\t<path class=\"elementor-shape-fill\" style=\"opacity:0.5\" d=\"M0 0L2600 0 2600 69.1 0 69.1z\"\/>\n\t<path class=\"elementor-shape-fill\" style=\"opacity:0.25\" d=\"M2600 0L0 0 0 130.1 2600 69.1z\"\/>\n<\/svg>\t\t<\/div>\n\t\t\t\t\t<div class=\"elementor-container elementor-column-gap-default\">\n\t\t\t\t\t<div class=\"elementor-column elementor-col-100 elementor-top-column elementor-element elementor-element-c7f2606\" data-id=\"c7f2606\" data-element_type=\"column\" data-e-type=\"column\">\n\t\t\t<div class=\"elementor-widget-wrap elementor-element-populated\">\n\t\t\t\t\t\t<section class=\"elementor-section elementor-inner-section elementor-element elementor-element-b8faaae elementor-section-boxed elementor-section-height-default elementor-section-height-default\" data-id=\"b8faaae\" data-element_type=\"section\" data-e-type=\"section\">\n\t\t\t\t\t\t<div class=\"elementor-container elementor-column-gap-default\">\n\t\t\t\t\t<div class=\"elementor-column elementor-col-100 elementor-inner-column elementor-element elementor-element-9fe7a23\" data-id=\"9fe7a23\" data-element_type=\"column\" data-e-type=\"column\">\n\t\t\t<div class=\"elementor-widget-wrap elementor-element-populated\">\n\t\t\t\t\t\t<div class=\"elementor-element elementor-element-b6570b2 animated-slow elementor-invisible elementor-widget elementor-widget-heading\" data-id=\"b6570b2\" data-element_type=\"widget\" data-e-type=\"widget\" data-settings=\"{&quot;_animation&quot;:&quot;zoomInUp&quot;}\" data-widget_type=\"heading.default\">\n\t\t\t\t<div class=\"elementor-widget-container\">\n\t\t\t\t\t<h2 class=\"elementor-heading-title elementor-size-default\">05 55 62 45 63<\/h2>\t\t\t\t<\/div>\n\t\t\t\t<\/div>\n\t\t\t\t<div class=\"elementor-element elementor-element-a53ca11 elementor-widget elementor-widget-spacer\" data-id=\"a53ca11\" data-element_type=\"widget\" data-e-type=\"widget\" data-widget_type=\"spacer.default\">\n\t\t\t\t<div class=\"elementor-widget-container\">\n\t\t\t\t\t\t\t<div class=\"elementor-spacer\">\n\t\t\t<div class=\"elementor-spacer-inner\"><\/div>\n\t\t<\/div>\n\t\t\t\t\t\t<\/div>\n\t\t\t\t<\/div>\n\t\t\t\t<div class=\"elementor-element elementor-element-62d052e elementor-invisible elementor-widget elementor-widget-heading\" data-id=\"62d052e\" data-element_type=\"widget\" data-e-type=\"widget\" data-settings=\"{&quot;_animation&quot;:&quot;zoomInDown&quot;}\" data-widget_type=\"heading.default\">\n\t\t\t\t<div class=\"elementor-widget-container\">\n\t\t\t\t\t<h2 class=\"elementor-heading-title elementor-size-default\">Venez d\u00e9couvrir notre belle commune<\/h2>\t\t\t\t<\/div>\n\t\t\t\t<\/div>\n\t\t\t\t\t<\/div>\n\t\t<\/div>\n\t\t\t\t\t<\/div>\n\t\t<\/section>\n\t\t\t\t\t<\/div>\n\t\t<\/div>\n\t\t\t\t\t<\/div>\n\t\t<\/section>\n\t\t\t\t<section class=\"elementor-section elementor-top-section elementor-element elementor-element-827871f elementor-section-boxed elementor-section-height-default elementor-section-height-default\" data-id=\"827871f\" data-element_type=\"section\" data-e-type=\"section\" data-settings=\"{&quot;background_background&quot;:&quot;gradient&quot;}\">\n\t\t\t\t\t\t<div class=\"elementor-container elementor-column-gap-default\">\n\t\t\t\t\t<div class=\"elementor-column elementor-col-100 elementor-top-column elementor-element elementor-element-c9769b6\" data-id=\"c9769b6\" data-element_type=\"column\" data-e-type=\"column\">\n\t\t\t<div class=\"elementor-widget-wrap elementor-element-populated\">\n\t\t\t\t\t\t<div class=\"elementor-element elementor-element-66af03d elementor-widget elementor-widget-shortcode\" data-id=\"66af03d\" data-element_type=\"widget\" data-e-type=\"widget\" data-widget_type=\"shortcode.default\">\n\t\t\t\t<div class=\"elementor-widget-container\">\n\t\t\t\t\t\t\t<div class=\"elementor-shortcode\">\n<div class=\"wpcf7 no-js\" id=\"wpcf7-f1394-o1\" lang=\"fr-FR\" dir=\"ltr\" data-wpcf7-id=\"1394\">\n<div class=\"screen-reader-response\"><p role=\"status\" aria-live=\"polite\" aria-atomic=\"true\"><\/p> <ul><\/ul><\/div>\n<form action=\"\/index.php?rest_route=%2Fwp%2Fv2%2Fpages%2F104#wpcf7-f1394-o1\" method=\"post\" class=\"wpcf7-form init\" aria-label=\"Formulaire de contact\" novalidate=\"novalidate\" data-status=\"init\">\n<fieldset class=\"hidden-fields-container\"><input type=\"hidden\" name=\"_wpcf7\" value=\"1394\" \/><input type=\"hidden\" name=\"_wpcf7_version\" value=\"6.1.5\" \/><input type=\"hidden\" name=\"_wpcf7_locale\" value=\"fr_FR\" \/><input type=\"hidden\" name=\"_wpcf7_unit_tag\" value=\"wpcf7-f1394-o1\" \/><input type=\"hidden\" name=\"_wpcf7_container_post\" value=\"0\" \/><input type=\"hidden\" name=\"_wpcf7_posted_data_hash\" value=\"\" \/>\n<\/fieldset>\n<p><label> Votre nom<br \/>\n<span class=\"wpcf7-form-control-wrap\" data-name=\"your-name\"><input size=\"40\" maxlength=\"400\" class=\"wpcf7-form-control wpcf7-text wpcf7-validates-as-required\" autocomplete=\"name\" aria-required=\"true\" aria-invalid=\"false\" value=\"\" type=\"text\" name=\"your-name\" \/><\/span> <\/label>\n<\/p>\n<p><label> Votre e-mail<br \/>\n<span class=\"wpcf7-form-control-wrap\" data-name=\"your-email\"><input size=\"40\" maxlength=\"400\" class=\"wpcf7-form-control wpcf7-email wpcf7-validates-as-required wpcf7-text wpcf7-validates-as-email\" autocomplete=\"email\" aria-required=\"true\" aria-invalid=\"false\" value=\"\" type=\"email\" name=\"your-email\" \/><\/span> <\/label>\n<\/p>\n<p><label> Objet<br \/>\n<span class=\"wpcf7-form-control-wrap\" data-name=\"your-subject\"><input size=\"40\" maxlength=\"400\" class=\"wpcf7-form-control wpcf7-text wpcf7-validates-as-required\" aria-required=\"true\" aria-invalid=\"false\" value=\"\" type=\"text\" name=\"your-subject\" \/><\/span> <\/label>\n<\/p>\n<p><label> Votre message<br \/>\n<span class=\"wpcf7-form-control-wrap\" data-name=\"your-message\"><textarea cols=\"40\" rows=\"10\" maxlength=\"2000\" class=\"wpcf7-form-control wpcf7-textarea\" aria-invalid=\"false\" name=\"your-message\"><\/textarea><\/span> <\/label>\n<\/p>\n<p><input class=\"wpcf7-form-control wpcf7-submit has-spinner\" type=\"submit\" value=\"Envoyer\" \/>\n<\/p><p style=\"display: none !important;\" class=\"akismet-fields-container\" data-prefix=\"_wpcf7_ak_\"><label>&#916;<textarea name=\"_wpcf7_ak_hp_textarea\" cols=\"45\" rows=\"8\" maxlength=\"100\"><\/textarea><\/label><input type=\"hidden\" id=\"ak_js_1\" name=\"_wpcf7_ak_js\" value=\"116\"\/><script>document.getElementById( \"ak_js_1\" ).setAttribute( \"value\", ( new Date() ).getTime() );<\/script><\/p><div class=\"wpcf7-response-output\" aria-hidden=\"true\"><\/div>\n<\/form>\n<\/div>\n<\/div>\n\t\t\t\t\t\t<\/div>\n\t\t\t\t<\/div>\n\t\t\t\t<div class=\"elementor-element elementor-element-21dd6da elementor-widget elementor-widget-google_maps\" data-id=\"21dd6da\" data-element_type=\"widget\" data-e-type=\"widget\" data-widget_type=\"google_maps.default\">\n\t\t\t\t<div class=\"elementor-widget-container\">\n\t\t\t\t\t\t\t<div class=\"elementor-custom-embed\">\n\t\t\t<iframe loading=\"lazy\"\n\t\t\t\t\tsrc=\"https:\/\/maps.google.com\/maps?q=Moutier%20d%27Ahun&#038;t=m&#038;z=10&#038;output=embed&#038;iwloc=near\"\n\t\t\t\t\ttitle=\"Moutier d&#039;Ahun\"\n\t\t\t\t\taria-label=\"Moutier d&#039;Ahun\"\n\t\t\t><\/iframe>\n\t\t<\/div>\n\t\t\t\t\t\t<\/div>\n\t\t\t\t<\/div>\n\t\t\t\t<div class=\"elementor-element elementor-element-efe4b1c elementor-widget elementor-widget-spacer\" data-id=\"efe4b1c\" data-element_type=\"widget\" data-e-type=\"widget\" data-widget_type=\"spacer.default\">\n\t\t\t\t<div class=\"elementor-widget-container\">\n\t\t\t\t\t\t\t<div class=\"elementor-spacer\">\n\t\t\t<div class=\"elementor-spacer-inner\"><\/div>\n\t\t<\/div>\n\t\t\t\t\t\t<\/div>\n\t\t\t\t<\/div>\n\t\t\t\t\t<\/div>\n\t\t<\/div>\n\t\t\t\t\t<\/div>\n\t\t<\/section>\n\t\t\t\t<\/div>\n\t\t","protected":false},"excerpt":{"rendered":"<p>05 55 62 45 63 Venez d\u00e9couvrir notre belle commune<\/p>\n","protected":false},"author":1,"featured_media":0,"parent":0,"menu_order":0,"comment_status":"closed","ping_status":"closed","template":"","meta":{"_monsterinsights_skip_tracking":false,"_monsterinsights_sitenote_active":false,"_monsterinsights_sitenote_note":"","_monsterinsights_sitenote_category":0,"_kadence_starter_templates_imported_post":false,"_kad_post_transparent":"","_kad_post_title":"hide","_kad_post_layout":"fullwidth","_kad_post_sidebar_id":"","_kad_post_content_style":"unboxed","_kad_post_vertical_padding":"hide","_kad_post_feature":"hide","_kad_post_feature_position":"","_kad_post_header":false,"_kad_post_footer":false,"_kad_post_classname":"","footnotes":""},"class_list":["post-104","page","type-page","status-publish","hentry"],"yoast_head":"<!-- This site is optimized with the Yoast SEO plugin v27.4 - https:\/\/yoast.com\/product\/yoast-seo-wordpress\/ -->\n<title>Contact - Moutier d Ahun, contact, mairie creuse, commune<\/title>\n<meta name=\"description\" content=\"Pos\u00e9 au bord de la Creuse, Moutier-d&#039;Ahun est l&#039;un des plus beaux villages du Limousin et l&#039;un des pr\u00e9f\u00e9r\u00e9s des Fran\u00e7ais\" \/>\n<meta name=\"robots\" content=\"index, follow, max-snippet:-1, max-image-preview:large, max-video-preview:-1\" \/>\n<link rel=\"canonical\" href=\"http:\/\/moutier-d-ahun.fr\/?page_id=104\" \/>\n<meta property=\"og:locale\" content=\"fr_FR\" \/>\n<meta property=\"og:type\" content=\"article\" \/>\n<meta property=\"og:title\" content=\"Contact - Moutier d Ahun, contact, mairie creuse, commune\" \/>\n<meta property=\"og:description\" content=\"Pos\u00e9 au bord de la Creuse, Moutier-d&#039;Ahun est l&#039;un des plus beaux villages du Limousin et l&#039;un des pr\u00e9f\u00e9r\u00e9s des Fran\u00e7ais\" \/>\n<meta property=\"og:url\" content=\"http:\/\/moutier-d-ahun.fr\/?page_id=104\" \/>\n<meta property=\"og:site_name\" content=\"Moutier d Ahun\" \/>\n<meta property=\"article:modified_time\" content=\"2024-04-24T05:02:51+00:00\" \/>\n<meta name=\"twitter:card\" content=\"summary_large_image\" \/>\n<meta name=\"twitter:label1\" content=\"Dur\u00e9e de lecture estim\u00e9e\" \/>\n\t<meta name=\"twitter:data1\" content=\"1 minute\" \/>\n<script type=\"application\/ld+json\" class=\"yoast-schema-graph\">{\"@context\":\"https:\\\/\\\/schema.org\",\"@graph\":[{\"@type\":\"WebPage\",\"@id\":\"http:\\\/\\\/moutier-d-ahun.fr\\\/?page_id=104\",\"url\":\"http:\\\/\\\/moutier-d-ahun.fr\\\/?page_id=104\",\"name\":\"Contact - Moutier d Ahun, contact, mairie creuse, commune\",\"isPartOf\":{\"@id\":\"http:\\\/\\\/moutier-d-ahun.fr\\\/#website\"},\"datePublished\":\"2021-06-09T16:58:27+00:00\",\"dateModified\":\"2024-04-24T05:02:51+00:00\",\"description\":\"Pos\u00e9 au bord de la Creuse, Moutier-d'Ahun est l'un des plus beaux villages du Limousin et l'un des pr\u00e9f\u00e9r\u00e9s des Fran\u00e7ais\",\"breadcrumb\":{\"@id\":\"http:\\\/\\\/moutier-d-ahun.fr\\\/?page_id=104#breadcrumb\"},\"inLanguage\":\"fr-FR\",\"potentialAction\":[{\"@type\":\"ReadAction\",\"target\":[\"http:\\\/\\\/moutier-d-ahun.fr\\\/?page_id=104\"]}]},{\"@type\":\"BreadcrumbList\",\"@id\":\"http:\\\/\\\/moutier-d-ahun.fr\\\/?page_id=104#breadcrumb\",\"itemListElement\":[{\"@type\":\"ListItem\",\"position\":1,\"name\":\"Accueil\",\"item\":\"http:\\\/\\\/moutier-d-ahun.fr\\\/\"},{\"@type\":\"ListItem\",\"position\":2,\"name\":\"Contact\"}]},{\"@type\":\"WebSite\",\"@id\":\"http:\\\/\\\/moutier-d-ahun.fr\\\/#website\",\"url\":\"http:\\\/\\\/moutier-d-ahun.fr\\\/\",\"name\":\"Moutier d Ahun\",\"description\":\"\",\"publisher\":{\"@id\":\"http:\\\/\\\/moutier-d-ahun.fr\\\/#organization\"},\"potentialAction\":[{\"@type\":\"SearchAction\",\"target\":{\"@type\":\"EntryPoint\",\"urlTemplate\":\"http:\\\/\\\/moutier-d-ahun.fr\\\/?s={search_term_string}\"},\"query-input\":{\"@type\":\"PropertyValueSpecification\",\"valueRequired\":true,\"valueName\":\"search_term_string\"}}],\"inLanguage\":\"fr-FR\"},{\"@type\":\"Organization\",\"@id\":\"http:\\\/\\\/moutier-d-ahun.fr\\\/#organization\",\"name\":\"Moutier d Ahun\",\"url\":\"http:\\\/\\\/moutier-d-ahun.fr\\\/\",\"logo\":{\"@type\":\"ImageObject\",\"inLanguage\":\"fr-FR\",\"@id\":\"http:\\\/\\\/moutier-d-ahun.fr\\\/#\\\/schema\\\/logo\\\/image\\\/\",\"url\":\"http:\\\/\\\/moutier-d-ahun.fr\\\/wp-content\\\/uploads\\\/2021\\\/06\\\/cropped-Logo-Mairie-VF-2.png\",\"contentUrl\":\"http:\\\/\\\/moutier-d-ahun.fr\\\/wp-content\\\/uploads\\\/2021\\\/06\\\/cropped-Logo-Mairie-VF-2.png\",\"width\":478,\"height\":158,\"caption\":\"Moutier d Ahun\"},\"image\":{\"@id\":\"http:\\\/\\\/moutier-d-ahun.fr\\\/#\\\/schema\\\/logo\\\/image\\\/\"}}]}<\/script>\n<!-- \/ Yoast SEO plugin. -->","yoast_head_json":{"title":"Contact - Moutier d Ahun, contact, mairie creuse, commune","description":"Pos\u00e9 au bord de la Creuse, Moutier-d'Ahun est l'un des plus beaux villages du Limousin et l'un des pr\u00e9f\u00e9r\u00e9s des Fran\u00e7ais","robots":{"index":"index","follow":"follow","max-snippet":"max-snippet:-1","max-image-preview":"max-image-preview:large","max-video-preview":"max-video-preview:-1"},"canonical":"http:\/\/moutier-d-ahun.fr\/?page_id=104","og_locale":"fr_FR","og_type":"article","og_title":"Contact - Moutier d Ahun, contact, mairie creuse, commune","og_description":"Pos\u00e9 au bord de la Creuse, Moutier-d'Ahun est l'un des plus beaux villages du Limousin et l'un des pr\u00e9f\u00e9r\u00e9s des Fran\u00e7ais","og_url":"http:\/\/moutier-d-ahun.fr\/?page_id=104","og_site_name":"Moutier d Ahun","article_modified_time":"2024-04-24T05:02:51+00:00","twitter_card":"summary_large_image","twitter_misc":{"Dur\u00e9e de lecture estim\u00e9e":"1 minute"},"schema":{"@context":"https:\/\/schema.org","@graph":[{"@type":"WebPage","@id":"http:\/\/moutier-d-ahun.fr\/?page_id=104","url":"http:\/\/moutier-d-ahun.fr\/?page_id=104","name":"Contact - Moutier d Ahun, contact, mairie creuse, commune","isPartOf":{"@id":"http:\/\/moutier-d-ahun.fr\/#website"},"datePublished":"2021-06-09T16:58:27+00:00","dateModified":"2024-04-24T05:02:51+00:00","description":"Pos\u00e9 au bord de la Creuse, Moutier-d'Ahun est l'un des plus beaux villages du Limousin et l'un des pr\u00e9f\u00e9r\u00e9s des Fran\u00e7ais","breadcrumb":{"@id":"http:\/\/moutier-d-ahun.fr\/?page_id=104#breadcrumb"},"inLanguage":"fr-FR","potentialAction":[{"@type":"ReadAction","target":["http:\/\/moutier-d-ahun.fr\/?page_id=104"]}]},{"@type":"BreadcrumbList","@id":"http:\/\/moutier-d-ahun.fr\/?page_id=104#breadcrumb","itemListElement":[{"@type":"ListItem","position":1,"name":"Accueil","item":"http:\/\/moutier-d-ahun.fr\/"},{"@type":"ListItem","position":2,"name":"Contact"}]},{"@type":"WebSite","@id":"http:\/\/moutier-d-ahun.fr\/#website","url":"http:\/\/moutier-d-ahun.fr\/","name":"Moutier d Ahun","description":"","publisher":{"@id":"http:\/\/moutier-d-ahun.fr\/#organization"},"potentialAction":[{"@type":"SearchAction","target":{"@type":"EntryPoint","urlTemplate":"http:\/\/moutier-d-ahun.fr\/?s={search_term_string}"},"query-input":{"@type":"PropertyValueSpecification","valueRequired":true,"valueName":"search_term_string"}}],"inLanguage":"fr-FR"},{"@type":"Organization","@id":"http:\/\/moutier-d-ahun.fr\/#organization","name":"Moutier d Ahun","url":"http:\/\/moutier-d-ahun.fr\/","logo":{"@type":"ImageObject","inLanguage":"fr-FR","@id":"http:\/\/moutier-d-ahun.fr\/#\/schema\/logo\/image\/","url":"http:\/\/moutier-d-ahun.fr\/wp-content\/uploads\/2021\/06\/cropped-Logo-Mairie-VF-2.png","contentUrl":"http:\/\/moutier-d-ahun.fr\/wp-content\/uploads\/2021\/06\/cropped-Logo-Mairie-VF-2.png","width":478,"height":158,"caption":"Moutier d Ahun"},"image":{"@id":"http:\/\/moutier-d-ahun.fr\/#\/schema\/logo\/image\/"}}]}},"_links":{"self":[{"href":"http:\/\/moutier-d-ahun.fr\/index.php?rest_route=\/wp\/v2\/pages\/104","targetHints":{"allow":["GET"]}}],"collection":[{"href":"http:\/\/moutier-d-ahun.fr\/index.php?rest_route=\/wp\/v2\/pages"}],"about":[{"href":"http:\/\/moutier-d-ahun.fr\/index.php?rest_route=\/wp\/v2\/types\/page"}],"author":[{"embeddable":true,"href":"http:\/\/moutier-d-ahun.fr\/index.php?rest_route=\/wp\/v2\/users\/1"}],"replies":[{"embeddable":true,"href":"http:\/\/moutier-d-ahun.fr\/index.php?rest_route=%2Fwp%2Fv2%2Fcomments&post=104"}],"version-history":[{"count":56,"href":"http:\/\/moutier-d-ahun.fr\/index.php?rest_route=\/wp\/v2\/pages\/104\/revisions"}],"predecessor-version":[{"id":1649,"href":"http:\/\/moutier-d-ahun.fr\/index.php?rest_route=\/wp\/v2\/pages\/104\/revisions\/1649"}],"wp:attachment":[{"href":"http:\/\/moutier-d-ahun.fr\/index.php?rest_route=%2Fwp%2Fv2%2Fmedia&parent=104"}],"curies":[{"name":"wp","href":"https:\/\/api.w.org\/{rel}","templated":true}]}}